{"id":224,"date":"2015-10-27T11:33:52","date_gmt":"2015-10-27T10:33:52","guid":{"rendered":"http:\/\/www.burgerhof.it\/it\/beispiel-seite\/"},"modified":"2023-08-30T10:30:16","modified_gmt":"2023-08-30T08:30:16","slug":"beispiel-seite","status":"publish","type":"page","link":"https:\/\/www.burgerhof.it\/it\/","title":{"rendered":"Agriturismo Burgerhof"},"content":{"rendered":"<h1>Agriturismo al Burgerhof in&nbsp; Bressanone\/San Leonardo<\/h1>\n<h2>Un saluto di&nbsp;<img loading=\"lazy\" decoding=\"async\" class=\"wp-image-5 alignnone\" src=\"https:\/\/www.burgerhof.it\/wp-content\/uploads\/herz-burgerhof.png\" alt=\"herz-burgerhof\" width=\"33\" height=\"37\">&nbsp; dal maso storico Burgerhof nel bell\u2019 Alto Adige!<\/h2>\n<p>Sopra la citt\u00e0 culturale e storica di Bressanone in val d\u2019Isarco \u2026 dove il sole splende pi\u00f9 a lungo\u2026. ci siamo noi!<br \/>\nQui vivono la tradizione, l\u2019innovazione e la tranquillit\u00e0 altoatesine.<\/p>\n<p>Dai nostri <a href=\"https:\/\/www.burgerhof.it\/it\/appartamenti-prezzi\/\">appartamenti<\/a> potrete godere di un\u2019ampia e suggestiva vista sulle catene di monti della val d\u2019Isarco, che incorniciano la citt\u00e0 di Bressanone, la pi\u00f9 antica citt\u00e0 del Tirolo, che vi aspetta con la sua storia, la sua cultura, il suo shopping.<br \/>\nIl nostro <strong>maso<\/strong>, con produzione <strong>propria di latte<\/strong>, si trova a 1000 metri di altitudine ed \u00e8 una piccola impresa <strong>familiare<\/strong>, dove vivono tradizione e storia. Intorno al maso troverete tante attrattive interessanti, di grande valore scientifico e storico, raccontate da tutti i libri di saghe e leggende.<\/p>\n<p>Il maso \u201cBurgerhof\u201d viene menzionato per la prima volta nel 1451.<br \/>\nLeggete <a href=\"https:\/\/www.burgerhof.it\/it\/intorno-al-maso\/\">la nostra storia<\/a> e\u2026 chiss\u00e0\u2026. Forse troverete proprio voi il \u201c<strong>Tesoro del Burgerhof<\/strong>\u201d.<\/p>\n<p><em>La famiglia Jocher vi augura dei momenti indimenticabili e meravigliosi durante il giro virtuale all\u2019agriturismo Burgerhof.<\/em><\/p>","protected":false},"excerpt":{"rendered":"<p>Agriturismo al Burgerhof in&nbsp; Bressanone\/San Leonardo Un saluto di&nbsp;&nbsp; dal maso storico Burgerhof nel bell\u2019 Alto Adige! Sopra la citt\u00e0 culturale e storica di Bressanone in<span class=\"excerpt-hellip\"> [\u2026]<\/span><\/p>\n","protected":false},"author":1,"featured_media":0,"parent":0,"menu_order":0,"comment_status":"closed","ping_status":"open","template":"","meta":{"footnotes":""},"class_list":["post-224","page","type-page","status-publish","hentry"],"_links":{"self":[{"href":"https:\/\/www.burgerhof.it\/it\/wp-json\/wp\/v2\/pages\/224"}],"collection":[{"href":"https:\/\/www.burgerhof.it\/it\/wp-json\/wp\/v2\/pages"}],"about":[{"href":"https:\/\/www.burgerhof.it\/it\/wp-json\/wp\/v2\/types\/page"}],"author":[{"embeddable":true,"href":"https:\/\/www.burgerhof.it\/it\/wp-json\/wp\/v2\/users\/1"}],"replies":[{"embeddable":true,"href":"https:\/\/www.burgerhof.it\/it\/wp-json\/wp\/v2\/comments?post=224"}],"version-history":[{"count":5,"href":"https:\/\/www.burgerhof.it\/it\/wp-json\/wp\/v2\/pages\/224\/revisions"}],"predecessor-version":[{"id":1246,"href":"https:\/\/www.burgerhof.it\/it\/wp-json\/wp\/v2\/pages\/224\/revisions\/1246"}],"wp:attachment":[{"href":"https:\/\/www.burgerhof.it\/it\/wp-json\/wp\/v2\/media?parent=224"}],"curies":[{"name":"wp","href":"https:\/\/api.w.org\/{rel}","templated":true}]}}